{"id":4146,"date":"2024-03-11T10:30:43","date_gmt":"2024-03-11T09:30:43","guid":{"rendered":"https:\/\/www.lifely.cc\/?page_id=4146"},"modified":"2024-04-15T20:10:16","modified_gmt":"2024-04-15T19:10:16","slug":"privacy-e-policy-lifely-app","status":"publish","type":"page","link":"https:\/\/www.lifely.cc\/it\/privacy-e-policy-lifely-app\/","title":{"rendered":"Privacy e Policy &#8211; Lifely App"},"content":{"rendered":"<p>[et_pb_section fb_built=&#8221;1&#8243; _builder_version=&#8221;4.24.3&#8243; _module_preset=&#8221;default&#8221; background_image=&#8221;https:\/\/www.lifely.cc\/wp-content\/uploads\/2023\/06\/background_booknuova.jpg&#8221; custom_margin=&#8221;||||false|false&#8221; custom_padding=&#8221;120px||120px||false|false&#8221; global_colors_info=&#8221;{}&#8221;][et_pb_row column_structure=&#8221;2_3,1_3&#8243; _builder_version=&#8221;4.24.3&#8243; _module_preset=&#8221;default&#8221; global_colors_info=&#8221;{}&#8221;][et_pb_column type=&#8221;2_3&#8243; _builder_version=&#8221;4.24.3&#8243; _module_preset=&#8221;default&#8221; global_colors_info=&#8221;{}&#8221;][et_pb_heading title=&#8221;PRIVACY &#038; COOKIE POLICY&#8221; _builder_version=&#8221;4.24.3&#8243; _module_preset=&#8221;default&#8221; title_font=&#8221;Montserrat|600|||||||&#8221; title_text_align=&#8221;left&#8221; title_text_color=&#8221;#dbf3b6&#8243; title_font_size=&#8221;40px&#8221; custom_margin=&#8221;|-24px||||&#8221; hover_enabled=&#8221;0&#8243; global_colors_info=&#8221;{}&#8221; sticky_enabled=&#8221;0&#8243;][\/et_pb_heading][et_pb_heading title=&#8221;LIFELY APP&#8221; _builder_version=&#8221;4.24.3&#8243; _module_preset=&#8221;default&#8221; title_level=&#8221;h4&#8243; title_font=&#8221;Montserrat|500|||||||&#8221; title_text_color=&#8221;#FFFFFF&#8221; hover_enabled=&#8221;0&#8243; title_font_size_tablet=&#8221;25px&#8221; title_font_size_phone=&#8221;20px&#8221; title_font_size_last_edited=&#8221;on|tablet&#8221; global_colors_info=&#8221;{}&#8221; title_font_size=&#8221;26px&#8221; sticky_enabled=&#8221;0&#8243;][\/et_pb_heading][\/et_pb_column][et_pb_column type=&#8221;1_3&#8243; disabled_on=&#8221;on|on|off&#8221; _builder_version=&#8221;4.24.3&#8243; _module_preset=&#8221;default&#8221; global_colors_info=&#8221;{}&#8221;][\/et_pb_column][\/et_pb_row][\/et_pb_section][et_pb_section fb_built=&#8221;1&#8243; admin_label=&#8221;Blog&#8221; _builder_version=&#8221;4.16&#8243; background_image=&#8221;https:\/\/www.lifely.cc\/wp-content\/uploads\/2019\/05\/gardener-03.png&#8221; background_size=&#8221;initial&#8221; background_position=&#8221;bottom_right&#8221; custom_padding=&#8221;50px|0|50px|0px|false|false&#8221; global_colors_info=&#8221;{}&#8221;][et_pb_row _builder_version=&#8221;4.16&#8243; global_colors_info=&#8221;{}&#8221;][et_pb_column type=&#8221;4_4&#8243; _builder_version=&#8221;4.16&#8243; global_colors_info=&#8221;{}&#8221;][et_pb_text _builder_version=&#8221;4.24.3&#8243; hover_enabled=&#8221;0&#8243; global_colors_info=&#8221;{}&#8221; text_font=&#8221;Montserrat|300|||||||&#8221; sticky_enabled=&#8221;0&#8243;]<\/p>\n<p><b>TIPI DI DATI RACCOLTI<\/b><\/p>\n<p>Durante l&#8217;utilizzo del nostro servizio, potremmo chiederti di fornirci alcune informazioni di identificazione personale che possono essere utilizzate per contattarti o identificarti. Le informazioni di identificazione personale possono includere, ma non sono limitate, a:<\/p>\n<ul>\n<li><span>Indirizzo e-mail<\/span><\/li>\n<li><span>Nome e cognome<\/span><\/li>\n<li>Posizione<span><\/span><\/li>\n<li>Password<\/li>\n<li><span>Dati di utilizzo<\/span><\/li>\n<\/ul>\n<p><strong>\u00a0<\/strong><\/p>\n<p><b>DATI DI UTILIZZO<\/b><\/p>\n<p><span>I Dati di utilizzo vengono raccolti automaticamente durante l&#8217;utilizzo del Servizio.<\/span><\/p>\n<p><span>I Dati di utilizzo possono includere informazioni come l&#8217;indirizzo del protocollo Internet del tuo dispositivo (ad es. indirizzo IP), il tipo di browser, la versione del browser, le pagine del nostro Servizio che visiti, l&#8217;ora e la data della tua visita, il tempo trascorso su tali pagine, dispositivo unico identificatori e altri dati diagnostici.<\/span><\/p>\n<p><span>Quando accedi al Servizio da o tramite un dispositivo mobile, potremmo raccogliere alcune informazioni automaticamente, inclusi, a titolo esemplificativo, il tipo di dispositivo mobile che utilizzi, l&#8217;ID univoco del tuo dispositivo mobile, l&#8217;indirizzo IP del tuo dispositivo mobile, sistema operativo, il tipo di browser Internet mobile utilizzato, gli identificatori univoci del dispositivo e altri dati diagnostici.<\/span><\/p>\n<p><span>Potremmo anche raccogliere informazioni che il tuo browser invia ogni volta che visiti il \u200b\u200bnostro Servizio o quando accedi al Servizio da o tramite un dispositivo mobile.<\/span><\/p>\n<p><b>INFORMAZIONI RACCOLTE DURANTE L&#8217;UTILIZZO DELL&#8217;APPLICAZIONE<\/b><\/p>\n<p><span>Durante l&#8217;utilizzo della Nostra Applicazione (<strong>LIFELY APP<\/strong>), al fine di fornire funzionalit\u00e0 della Nostra Applicazione, potremmo raccogliere, previa autorizzazione dell&#8217;Utente:<\/span><\/p>\n<ul>\n<li><span>Informazioni sulla tua posizione<\/span><\/li>\n<\/ul>\n<p><span>Utilizziamo queste informazioni per fornire funzionalit\u00e0 del nostro servizio, per migliorare e personalizzare il nostro servizio.\u00a0Le informazioni possono essere caricate sui server della Societ\u00e0 e\/o su un server di un Fornitore di servizi o possono essere semplicemente archiviate sul tuo dispositivo.<\/span><\/p>\n<p><span>Puoi abilitare o disabilitare l&#8217;accesso a queste informazioni in qualsiasi momento.<\/span><\/p>\n<p><b>UTILIZZO DEI TUOI DATI PERSONALI<\/b><\/p>\n<p>La Societ\u00e0 pu\u00f2 utilizzare i Dati Personali per le seguenti finalit\u00e0:<\/p>\n<ul>\n<li><strong><span>Per fornire e mantenere il nostro Servizio<\/span><\/strong><span>\u00a0, incluso per monitorare l&#8217;utilizzo del nostro Servizio.<\/span><\/li>\n<li><strong><span>Per gestire il tuo Account:<\/span><\/strong><span>\u00a0per gestire la tua registrazione come utente del Servizio.\u00a0I Dati Personali che fornisci possono darti accesso a diverse funzionalit\u00e0 del Servizio che sono a tua disposizione come utente registrato.<\/span><\/li>\n<li><strong><span>Per l&#8217;esecuzione di un contratto:<\/span><\/strong><span>\u00a0lo sviluppo, la conformit\u00e0 e l&#8217;esecuzione del contratto di acquisto per i prodotti, articoli o servizi che hai acquistato o di qualsiasi altro contratto con Noi attraverso il Servizio.<\/span><\/li>\n<li><strong><span>Per contattarti:<\/span><\/strong><span>\u00a0Per contattarti tramite e-mail, telefonate, SMS o altre forme equivalenti di comunicazione elettronica, come le notifiche push di un&#8217;applicazione mobile riguardanti aggiornamenti o comunicazioni informative relative alle funzionalit\u00e0, ai prodotti o ai servizi appaltati, inclusi gli aggiornamenti di sicurezza, quando necessario o ragionevole per la loro attuazione.<\/span><\/li>\n<li><strong><span>Per fornirti<\/span><\/strong><span>\u00a0notizie, offerte speciali e informazioni generali su altri beni, servizi ed eventi che offriamo simili a quelli che hai gi\u00e0 acquistato o per i quali hai gi\u00e0 chiesto informazioni, a meno che tu non abbia scelto di non ricevere tali informazioni.<\/span><\/li>\n<li><strong><span>Per gestire le tue richieste:<\/span><\/strong><span> Per partecipare e gestire le tue richieste.<\/span><\/li>\n<li><strong><span>Per i trasferimenti di affari:<\/span><\/strong><span>\u00a0potremmo utilizzare le tue informazioni per valutare o condurre una fusione, dismissione, ristrutturazione, riorganizzazione, scioglimento o altra vendita o trasferimento di alcuni o tutti i nostri beni, sia come azienda in attivit\u00e0 che come parte di fallimento, liquidazione, o un procedimento simile, in cui i Dati Personali da noi detenuti sugli utenti del nostro Servizio sono tra i beni trasferiti.<\/span><\/li>\n<li><strong><span>Per altri scopi<\/span><\/strong><span>: potremmo utilizzare le tue informazioni per altri scopi, come l&#8217;analisi dei dati, l&#8217;identificazione delle tendenze di utilizzo, la determinazione dell&#8217;efficacia delle nostre campagne promozionali e per valutare e migliorare il nostro Servizio, prodotti, servizi, marketing e la tua esperienza.<\/span><\/li>\n<\/ul>\n<p><span>Potremmo condividere le tue informazioni personali nelle seguenti situazioni:<\/span><\/p>\n<ul>\n<li><strong><span>Con i fornitori di servizi:<\/span><\/strong><span>\u00a0potremmo condividere le tue informazioni personali con i fornitori di servizi per monitorare e analizzare l&#8217;uso del nostro servizio, per contattarti.<\/span><\/li>\n<li><strong><span>Per i trasferimenti di affari:<\/span><\/strong><span>\u00a0potremmo condividere o trasferire le tue informazioni personali in connessione o durante le negoziazioni di qualsiasi fusione, vendita di beni della Societ\u00e0, finanziamento o acquisizione di tutta o parte della nostra attivit\u00e0 a un&#8217;altra societ\u00e0.<\/span><\/li>\n<li><strong><span>Con gli affiliati:<\/span><\/strong><span>\u00a0potremmo condividere le tue informazioni con i nostri affiliati, nel qual caso richiederemo a tali affiliati di rispettare la presente Informativa sulla privacy.\u00a0Gli affiliati includono la nostra societ\u00e0 madre e qualsiasi altra sussidiaria, partner di joint venture o altre societ\u00e0 che controlliamo o che sono sotto il controllo comune con noi.<\/span><\/li>\n<li><strong><span>Con i partner commerciali:<\/span><\/strong><span>\u00a0potremmo condividere le tue informazioni con i nostri partner commerciali per offrirti determinati prodotti, servizi o promozioni.<\/span><\/li>\n<li><strong><span>Con altri utenti:<\/span><\/strong><span>\u00a0quando condividi informazioni personali o interagisci in altro modo nelle aree pubbliche con altri utenti, tali informazioni possono essere visualizzate da tutti gli utenti e possono essere distribuite pubblicamente all&#8217;esterno.<\/span><\/li>\n<li><strong><span>Con il tuo consenso<\/span><\/strong><span>\u00a0: potremmo divulgare le tue informazioni personali per qualsiasi altro scopo con il tuo consenso.<\/span><\/li>\n<\/ul>\n<p>&nbsp;<\/p>\n<p><b>CONSERVAZIONE DEI TUOI DATI PERSONALI<\/b><\/p>\n<p><span>La Societ\u00e0 conserver\u00e0 i tuoi Dati Personali solo per il tempo necessario agli scopi indicati nella presente Informativa sulla privacy.\u00a0Conserveremo e utilizzeremo i tuoi dati personali nella misura necessaria per adempiere ai nostri obblighi legali (ad esempio, se siamo tenuti a conservare i tuoi dati per rispettare le leggi applicabili), risolvere controversie e far rispettare i nostri accordi legali e le nostre politiche.<\/span><\/p>\n<p><span>La Societ\u00e0 conserver\u00e0 anche i Dati di utilizzo per scopi di analisi interna.\u00a0I Dati di utilizzo vengono generalmente conservati per un periodo di tempo pi\u00f9 breve, tranne quando questi dati vengono utilizzati per rafforzare la sicurezza o per migliorare la funzionalit\u00e0 del Nostro Servizio, o quando siamo legalmente obbligati a conservare questi dati per periodi di tempo pi\u00f9 lunghi.<\/span><\/p>\n<p><b>TRASFERIMENTO DEI TUOI DATI PERSONALE<\/b><\/p>\n<p><span>I tuoi dati, inclusi i Dati Personali, sono trattati presso le sedi operative della Societ\u00e0 e in ogni altro luogo in cui si trovano le parti coinvolte nel trattamento.\u00a0Significa che queste informazioni possono essere trasferite e mantenute su computer situati al di fuori del tuo stato, provincia, paese o altra giurisdizione governativa in cui le leggi sulla protezione dei dati potrebbero differire da quelle della tua giurisdizione.<\/span><\/p>\n<p><span>Il tuo consenso alla presente Informativa sulla privacy seguito dall&#8217;invio di tali informazioni rappresenta il tuo consenso a tale trasferimento.<\/span><\/p>\n<p><b>DIVULGAZIONE DEI TUOI DATI PERSONALI<\/b><\/p>\n<p><b>BUSINESS TRANSACTIONS<\/b><\/p>\n<p><span>Se la Societ\u00e0 \u00e8 coinvolta in una fusione, acquisizione o vendita di asset, i tuoi Dati Personali potrebbero essere trasferiti.\u00a0Forniremo un avviso prima che i tuoi dati personali vengano trasferiti e diventino soggetti a una diversa Informativa sulla privacy.<\/span><\/p>\n<h3><span>LAW ENFORCEMENT<\/span><\/h3>\n<p><span>In determinate circostanze, la Societ\u00e0 potrebbe essere obbligata a divulgare i tuoi Dati Personali se richiesto dalla legge o in risposta a richieste valide da parte di autorit\u00e0 pubbliche (ad esempio un tribunale o un ente governativo).<\/span><\/p>\n<h3><span>Altri requisiti legali<\/span><\/h3>\n<p><span>La Societ\u00e0 pu\u00f2 divulgare i tuoi Dati Personali in buona fede, ritenendo che tale azione sia necessaria per:<\/span><\/p>\n<ul>\n<li><span>Rispettare un obbligo legale<\/span><\/li>\n<li><span>Proteggere e difendere i diritti o la propriet\u00e0 della Societ\u00e0<\/span><\/li>\n<li><span>Prevenire o indagare su possibili illeciti in relazione al Servizio<\/span><\/li>\n<li><span>Proteggere l&#8217;incolumit\u00e0 personale degli Utenti del Servizio o del pubblico<\/span><\/li>\n<li><span>Proteggere dalla responsabilit\u00e0 legale<\/span><\/li>\n<\/ul>\n<p><b>SICUREZZA DEI TUOI DATI PERSONALI<\/b><\/p>\n<p><span>La sicurezza dei tuoi dati personali \u00e8 importante per noi, ma ricorda che nessun metodo di trasmissione su Internet o metodo di archiviazione elettronica \u00e8 sicuro al 100%.\u00a0Sebbene ci sforziamo di utilizzare mezzi commercialmente accettabili per proteggere i tuoi dati personali, non possiamo garantirne la sicurezza assoluta.<\/span><\/p>\n<p><b>PRIVACY DEI BAMBINI<\/b><\/p>\n<p><span>Il nostro servizio non si rivolge a persone di et\u00e0 inferiore ai 13 anni. Non raccogliamo consapevolmente informazioni di identificazione personale da persone di et\u00e0 inferiore ai 13 anni. Se sei un genitore o tutore e sei consapevole che tuo figlio ci ha fornito dati personali, ti preghiamo di Contattaci.\u00a0Se veniamo a conoscenza del fatto che abbiamo raccolto Dati personali da persone di et\u00e0 inferiore ai 13 anni senza la verifica del consenso dei genitori, adottiamo misure per rimuovere tali informazioni dai Nostri server.<\/span><\/p>\n<p><span>Se dobbiamo fare affidamento sul consenso come base legale per l&#8217;elaborazione delle tue informazioni e il tuo paese richiede il consenso di un genitore, potremmo richiedere il consenso dei tuoi genitori prima di raccogliere e utilizzare tali informazioni.<\/span><\/p>\n<p><b>COLLEGAMENTI AD ALTRI SITI WEB<\/b><\/p>\n<p><span>Il nostro servizio pu\u00f2 contenere collegamenti ad altri siti Web che non sono gestiti da noi.\u00a0Se fai clic su un collegamento di terze parti, verrai indirizzato al sito di tali terze parti.\u00a0Ti consigliamo vivamente di rivedere l&#8217;Informativa sulla privacy di ogni sito che visiti.<\/span><\/p>\n<p><span>Non abbiamo alcun controllo e non ci assumiamo alcuna responsabilit\u00e0 per il contenuto, le politiche sulla privacy o le pratiche di siti o servizi di terze parti.<\/span><\/p>\n<p><b>MODIFICHE ALLA PRESENTE INFORMATIVA SULLA PRIVACY<\/b><\/p>\n<p><span>Potremmo aggiornare la nostra Informativa sulla privacy di volta in volta.\u00a0Ti informeremo di eventuali modifiche pubblicando la nuova Privacy Policy in questa pagina.<\/span><\/p>\n<p><span>Ti informeremo via e-mail e\/o un avviso in evidenza sul Nostro Servizio, prima che la modifica diventi effettiva e aggiorneremo la data &#8220;Ultimo aggiornamento&#8221; nella parte superiore della presente Informativa sulla privacy.<\/span><\/p>\n<p><span>Si consiglia di rivedere periodicamente la presente Informativa sulla privacy per eventuali modifiche.\u00a0Le modifiche alla presente Informativa sulla privacy sono efficaci quando vengono pubblicate su questa pagina.<\/span><\/p>\n<p><b>CONTATTACI<\/b><\/p>\n<p><span>In caso di domande sulla presente Informativa sulla privacy, puoi contattarci:<\/span><\/p>\n<ul>\n<li>Visitando questa pagina del nostro sito: <a href=\"\/?page_id=1132\">https:\/\/www.lifely.cc\/it\/contact-us\/<\/a><\/li>\n<li>E-mail: info@lifely.cc<\/li>\n<\/ul>\n<p>&nbsp;<\/p>\n<p><a href=\"https:\/\/www.lifely.cc\/privacy-and-cookie-policy\/\" target=\"_blank\" rel=\"noopener\">Informativa privacy<\/a> Sito Web.<\/p>\n<p>_______________<br \/>Versione Inglese:<br \/><strong><a href=\"https:\/\/www.lifely.cc\/it\/privacy-e-cookie-policy\/\" target=\"_blank\" rel=\"noopener\">Informativa privacy<\/a><\/strong> Sito Web.<br \/><a href=\"https:\/\/www.lifely.cc\/it\/privacy-e-policy-lifely-app\/\" target=\"_blank\" rel=\"noopener\"><strong>Informativa privacy<\/strong><\/a> Applicazione Lifely App<\/p>\n<p>[\/et_pb_text][\/et_pb_column][\/et_pb_row][\/et_pb_section]<\/p>\n","protected":false},"excerpt":{"rendered":"<p>TIPI DI DATI RACCOLTI Durante l&#8217;utilizzo del nostro servizio, potremmo chiederti di fornirci alcune informazioni di identificazione personale che possono essere utilizzate per contattarti o identificarti. Le informazioni di identificazione personale possono includere, ma non sono limitate, a: Indirizzo e-mail Nome e cognome Posizione Password Dati di utilizzo \u00a0 DATI DI UTILIZZO I Dati di [&hellip;]<\/p>\n","protected":false},"author":2,"featured_media":0,"parent":0,"menu_order":0,"comment_status":"closed","ping_status":"closed","template":"page-template-blank.php","meta":{"_et_pb_use_builder":"on","_et_pb_old_content":"","_et_gb_content_width":"","_monsterinsights_skip_tracking":false,"_monsterinsights_sitenote_active":false,"_monsterinsights_sitenote_note":"","_monsterinsights_sitenote_category":0,"_joinchat":[],"footnotes":""},"class_list":["post-4146","page","type-page","status-publish","hentry"],"yoast_head":"<!-- This site is optimized with the Yoast SEO plugin v25.2 - https:\/\/yoast.com\/wordpress\/plugins\/seo\/ -->\n<title>Privacy e Policy - Lifely App - Lifely<\/title>\n<meta name=\"robots\" content=\"index, follow, max-snippet:-1, max-image-preview:large, max-video-preview:-1\" \/>\n<link rel=\"canonical\" href=\"https:\/\/www.lifely.cc\/it\/privacy-e-policy-lifely-app\/\" \/>\n<meta property=\"og:locale\" content=\"it_IT\" \/>\n<meta property=\"og:type\" content=\"article\" \/>\n<meta property=\"og:title\" content=\"Privacy e Policy - Lifely App - Lifely\" \/>\n<meta property=\"og:description\" content=\"TIPI DI DATI RACCOLTI Durante l&#039;utilizzo del nostro servizio, potremmo chiederti di fornirci alcune informazioni di identificazione personale che possono essere utilizzate per contattarti o identificarti. Le informazioni di identificazione personale possono includere, ma non sono limitate, a: Indirizzo e-mail Nome e cognome Posizione Password Dati di utilizzo \u00a0 DATI DI UTILIZZO I Dati di [&hellip;]\" \/>\n<meta property=\"og:url\" content=\"https:\/\/www.lifely.cc\/it\/privacy-e-policy-lifely-app\/\" \/>\n<meta property=\"og:site_name\" content=\"Lifely\" \/>\n<meta property=\"article:publisher\" content=\"https:\/\/www.facebook.com\/lifelystartup\" \/>\n<meta property=\"article:modified_time\" content=\"2024-04-15T19:10:16+00:00\" \/>\n<meta name=\"twitter:card\" content=\"summary_large_image\" \/>\n<meta name=\"twitter:site\" content=\"@LifelyStartup\" \/>\n<meta name=\"twitter:label1\" content=\"Tempo di lettura stimato\" \/>\n\t<meta name=\"twitter:data1\" content=\"7 minuti\" \/>\n<script type=\"application\/ld+json\" class=\"yoast-schema-graph\">{\"@context\":\"https:\/\/schema.org\",\"@graph\":[{\"@type\":\"WebPage\",\"@id\":\"https:\/\/www.lifely.cc\/it\/privacy-e-policy-lifely-app\/\",\"url\":\"https:\/\/www.lifely.cc\/it\/privacy-e-policy-lifely-app\/\",\"name\":\"Privacy e Policy - Lifely App - Lifely\",\"isPartOf\":{\"@id\":\"https:\/\/www.lifely.cc\/#website\"},\"datePublished\":\"2024-03-11T09:30:43+00:00\",\"dateModified\":\"2024-04-15T19:10:16+00:00\",\"breadcrumb\":{\"@id\":\"https:\/\/www.lifely.cc\/it\/privacy-e-policy-lifely-app\/#breadcrumb\"},\"inLanguage\":\"it-IT\",\"potentialAction\":[{\"@type\":\"ReadAction\",\"target\":[\"https:\/\/www.lifely.cc\/it\/privacy-e-policy-lifely-app\/\"]}]},{\"@type\":\"BreadcrumbList\",\"@id\":\"https:\/\/www.lifely.cc\/it\/privacy-e-policy-lifely-app\/#breadcrumb\",\"itemListElement\":[{\"@type\":\"ListItem\",\"position\":1,\"name\":\"Home\",\"item\":\"https:\/\/www.lifely.cc\/it\/\"},{\"@type\":\"ListItem\",\"position\":2,\"name\":\"Privacy e Policy &#8211; Lifely App\"}]},{\"@type\":\"WebSite\",\"@id\":\"https:\/\/www.lifely.cc\/#website\",\"url\":\"https:\/\/www.lifely.cc\/\",\"name\":\"Lifely\",\"description\":\"Social Internet of Things\",\"publisher\":{\"@id\":\"https:\/\/www.lifely.cc\/#organization\"},\"potentialAction\":[{\"@type\":\"SearchAction\",\"target\":{\"@type\":\"EntryPoint\",\"urlTemplate\":\"https:\/\/www.lifely.cc\/?s={search_term_string}\"},\"query-input\":{\"@type\":\"PropertyValueSpecification\",\"valueRequired\":true,\"valueName\":\"search_term_string\"}}],\"inLanguage\":\"it-IT\"},{\"@type\":\"Organization\",\"@id\":\"https:\/\/www.lifely.cc\/#organization\",\"name\":\"Lifely\",\"url\":\"https:\/\/www.lifely.cc\/\",\"logo\":{\"@type\":\"ImageObject\",\"inLanguage\":\"it-IT\",\"@id\":\"https:\/\/www.lifely.cc\/#\/schema\/logo\/image\/\",\"url\":\"https:\/\/www.lifely.cc\/wp-content\/uploads\/2017\/10\/LifelyLogoHeader.png\",\"contentUrl\":\"https:\/\/www.lifely.cc\/wp-content\/uploads\/2017\/10\/LifelyLogoHeader.png\",\"width\":220,\"height\":120,\"caption\":\"Lifely\"},\"image\":{\"@id\":\"https:\/\/www.lifely.cc\/#\/schema\/logo\/image\/\"},\"sameAs\":[\"https:\/\/www.facebook.com\/lifelystartup\",\"https:\/\/x.com\/LifelyStartup\",\"https:\/\/www.instagram.com\/lifelystartup\/\",\"https:\/\/www.linkedin.com\/company\/lifely-talking-objects\/\",\"https:\/\/www.pinterest.com\/lifelyofficial\/\",\"https:\/\/www.youtube.com\/lifelycc\"]}]}<\/script>\n<!-- \/ Yoast SEO plugin. -->","yoast_head_json":{"title":"Privacy e Policy - Lifely App - Lifely","robots":{"index":"index","follow":"follow","max-snippet":"max-snippet:-1","max-image-preview":"max-image-preview:large","max-video-preview":"max-video-preview:-1"},"canonical":"https:\/\/www.lifely.cc\/it\/privacy-e-policy-lifely-app\/","og_locale":"it_IT","og_type":"article","og_title":"Privacy e Policy - Lifely App - Lifely","og_description":"TIPI DI DATI RACCOLTI Durante l'utilizzo del nostro servizio, potremmo chiederti di fornirci alcune informazioni di identificazione personale che possono essere utilizzate per contattarti o identificarti. Le informazioni di identificazione personale possono includere, ma non sono limitate, a: Indirizzo e-mail Nome e cognome Posizione Password Dati di utilizzo \u00a0 DATI DI UTILIZZO I Dati di [&hellip;]","og_url":"https:\/\/www.lifely.cc\/it\/privacy-e-policy-lifely-app\/","og_site_name":"Lifely","article_publisher":"https:\/\/www.facebook.com\/lifelystartup","article_modified_time":"2024-04-15T19:10:16+00:00","twitter_card":"summary_large_image","twitter_site":"@LifelyStartup","twitter_misc":{"Tempo di lettura stimato":"7 minuti"},"schema":{"@context":"https:\/\/schema.org","@graph":[{"@type":"WebPage","@id":"https:\/\/www.lifely.cc\/it\/privacy-e-policy-lifely-app\/","url":"https:\/\/www.lifely.cc\/it\/privacy-e-policy-lifely-app\/","name":"Privacy e Policy - Lifely App - Lifely","isPartOf":{"@id":"https:\/\/www.lifely.cc\/#website"},"datePublished":"2024-03-11T09:30:43+00:00","dateModified":"2024-04-15T19:10:16+00:00","breadcrumb":{"@id":"https:\/\/www.lifely.cc\/it\/privacy-e-policy-lifely-app\/#breadcrumb"},"inLanguage":"it-IT","potentialAction":[{"@type":"ReadAction","target":["https:\/\/www.lifely.cc\/it\/privacy-e-policy-lifely-app\/"]}]},{"@type":"BreadcrumbList","@id":"https:\/\/www.lifely.cc\/it\/privacy-e-policy-lifely-app\/#breadcrumb","itemListElement":[{"@type":"ListItem","position":1,"name":"Home","item":"https:\/\/www.lifely.cc\/it\/"},{"@type":"ListItem","position":2,"name":"Privacy e Policy &#8211; Lifely App"}]},{"@type":"WebSite","@id":"https:\/\/www.lifely.cc\/#website","url":"https:\/\/www.lifely.cc\/","name":"Lifely","description":"Social Internet of Things","publisher":{"@id":"https:\/\/www.lifely.cc\/#organization"},"potentialAction":[{"@type":"SearchAction","target":{"@type":"EntryPoint","urlTemplate":"https:\/\/www.lifely.cc\/?s={search_term_string}"},"query-input":{"@type":"PropertyValueSpecification","valueRequired":true,"valueName":"search_term_string"}}],"inLanguage":"it-IT"},{"@type":"Organization","@id":"https:\/\/www.lifely.cc\/#organization","name":"Lifely","url":"https:\/\/www.lifely.cc\/","logo":{"@type":"ImageObject","inLanguage":"it-IT","@id":"https:\/\/www.lifely.cc\/#\/schema\/logo\/image\/","url":"https:\/\/www.lifely.cc\/wp-content\/uploads\/2017\/10\/LifelyLogoHeader.png","contentUrl":"https:\/\/www.lifely.cc\/wp-content\/uploads\/2017\/10\/LifelyLogoHeader.png","width":220,"height":120,"caption":"Lifely"},"image":{"@id":"https:\/\/www.lifely.cc\/#\/schema\/logo\/image\/"},"sameAs":["https:\/\/www.facebook.com\/lifelystartup","https:\/\/x.com\/LifelyStartup","https:\/\/www.instagram.com\/lifelystartup\/","https:\/\/www.linkedin.com\/company\/lifely-talking-objects\/","https:\/\/www.pinterest.com\/lifelyofficial\/","https:\/\/www.youtube.com\/lifelycc"]}]}},"_links":{"self":[{"href":"https:\/\/www.lifely.cc\/it\/wp-json\/wp\/v2\/pages\/4146"}],"collection":[{"href":"https:\/\/www.lifely.cc\/it\/wp-json\/wp\/v2\/pages"}],"about":[{"href":"https:\/\/www.lifely.cc\/it\/wp-json\/wp\/v2\/types\/page"}],"author":[{"embeddable":true,"href":"https:\/\/www.lifely.cc\/it\/wp-json\/wp\/v2\/users\/2"}],"replies":[{"embeddable":true,"href":"https:\/\/www.lifely.cc\/it\/wp-json\/wp\/v2\/comments?post=4146"}],"version-history":[{"count":0,"href":"https:\/\/www.lifely.cc\/it\/wp-json\/wp\/v2\/pages\/4146\/revisions"}],"wp:attachment":[{"href":"https:\/\/www.lifely.cc\/it\/wp-json\/wp\/v2\/media?parent=4146"}],"curies":[{"name":"wp","href":"https:\/\/api.w.org\/{rel}","templated":true}]}}