{"id":5773,"date":"2024-12-12T14:41:12","date_gmt":"2024-12-12T13:41:12","guid":{"rendered":"https:\/\/www.lifely.cc\/?page_id=5773"},"modified":"2024-12-12T14:42:53","modified_gmt":"2024-12-12T13:42:53","slug":"privacy-policy-ac2s-app","status":"publish","type":"page","link":"https:\/\/www.lifely.cc\/it\/privacy-policy-ac2s-app\/","title":{"rendered":"Privacy &amp; Policy &#8211; AC2S App"},"content":{"rendered":"<p>[et_pb_section fb_built=&#8221;1&#8243; admin_label=&#8221;Header&#8221; _builder_version=&#8221;4.27.0&#8243; use_background_color_gradient=&#8221;on&#8221; background_color_gradient_direction=&#8221;45deg&#8221; background_color_gradient_stops=&#8221;#000000 0%|rgba(29,38,0,0) 100%&#8221; background_color_gradient_overlays_image=&#8221;on&#8221; background_color_gradient_start=&#8221;rgba(29,38,0,0.85)&#8221; background_color_gradient_end=&#8221;rgba(29,38,0,0)&#8221; background_image=&#8221;https:\/\/www.lifely.cc\/wp-content\/uploads\/2024\/12\/cover_1024-500.png&#8221; custom_padding=&#8221;6vw|0px|6vw|0px|true|false&#8221; global_colors_info=&#8221;{}&#8221;][et_pb_row _builder_version=&#8221;4.16&#8243; global_colors_info=&#8221;{}&#8221;][et_pb_column type=&#8221;4_4&#8243; _builder_version=&#8221;4.16&#8243; custom_padding=&#8221;|||&#8221; global_colors_info=&#8221;{}&#8221; custom_padding__hover=&#8221;|||&#8221;][et_pb_text _builder_version=&#8221;4.23.4&#8243; text_font=&#8221;||||||||&#8221; text_font_size=&#8221;18px&#8221; text_line_height=&#8221;2em&#8221; ul_font=&#8221;||||||||&#8221; ol_font=&#8221;||||||||&#8221; header_font=&#8221;Cormorant Garamond|700|||||||&#8221; header_font_size=&#8221;60px&#8221; header_line_height=&#8221;1.2em&#8221; header_2_font=&#8221;||||||||&#8221; header_3_font=&#8221;||||||||&#8221; header_3_font_size=&#8221;30px&#8221; header_4_font=&#8221;||||||||&#8221; header_5_font=&#8221;||||||||&#8221; header_6_font=&#8221;||||||||&#8221; text_orientation=&#8221;center&#8221; background_layout=&#8221;dark&#8221; max_width=&#8221;600px&#8221; module_alignment=&#8221;center&#8221; custom_margin=&#8221;|||&#8221; text_font_size_tablet=&#8221;&#8221; text_font_size_phone=&#8221;16px&#8221; text_font_size_last_edited=&#8221;on|phone&#8221; header_font_size_tablet=&#8221;50px&#8221; header_font_size_phone=&#8221;40px&#8221; header_font_size_last_edited=&#8221;on|phone&#8221; locked=&#8221;off&#8221; global_colors_info=&#8221;{}&#8221;]<\/p>\n<h1>Privacy &amp; Policy<\/h1>\n<h3>&#8211; AC2S APP &#8211;<\/h3>\n<p>[\/et_pb_text][\/et_pb_column][\/et_pb_row][\/et_pb_section][et_pb_section fb_built=&#8221;1&#8243; admin_label=&#8221;Blog&#8221; _builder_version=&#8221;4.16&#8243; background_image=&#8221;https:\/\/www.lifely.cc\/wp-content\/uploads\/2019\/05\/gardener-03.png&#8221; background_size=&#8221;initial&#8221; background_position=&#8221;bottom_right&#8221; custom_padding=&#8221;50px|0|50px|0px|false|false&#8221; global_colors_info=&#8221;{}&#8221;][et_pb_row _builder_version=&#8221;4.23.4&#8243; _module_preset=&#8221;default&#8221; global_colors_info=&#8221;{}&#8221;][et_pb_column type=&#8221;4_4&#8243; _builder_version=&#8221;4.23.4&#8243; _module_preset=&#8221;default&#8221; global_colors_info=&#8221;{}&#8221;][et_pb_divider _builder_version=&#8221;4.23.4&#8243; _module_preset=&#8221;default&#8221; global_colors_info=&#8221;{}&#8221;][\/et_pb_divider][\/et_pb_column][\/et_pb_row][et_pb_row _builder_version=&#8221;4.23.4&#8243; _module_preset=&#8221;default&#8221; global_colors_info=&#8221;{}&#8221;][et_pb_column type=&#8221;4_4&#8243; _builder_version=&#8221;4.23.4&#8243; _module_preset=&#8221;default&#8221; global_colors_info=&#8221;{}&#8221;][et_pb_text _builder_version=&#8221;4.27.0&#8243; _module_preset=&#8221;default&#8221; global_colors_info=&#8221;{}&#8221;]<\/p>\n<p><strong>APP AC2S &#8211; AGRICOLTURA SOTTO IL SOLE IN SARDEGNA\u00a0<\/strong><\/p>\n<p><strong>TIPI DI DATI RACCOLTI<\/strong><\/p>\n<p><span style=\"font-weight: 400;\">Durante l\u2019utilizzo del nostro servizio, potremmo chiederti di fornirci alcune informazioni di identificazione personale che possono essere utilizzate per contattarti o identificarti. Le informazioni di identificazione personale possono includere, ma non sono limitate, a:<\/span><\/p>\n<ul>\n<li style=\"font-weight: 400;\" aria-level=\"1\"><span style=\"font-weight: 400;\">Indirizzo e-mail<\/span><\/li>\n<li style=\"font-weight: 400;\" aria-level=\"1\"><span style=\"font-weight: 400;\">Nome e cognome<\/span><\/li>\n<li style=\"font-weight: 400;\" aria-level=\"1\"><span style=\"font-weight: 400;\">Password<\/span><\/li>\n<li style=\"font-weight: 400;\" aria-level=\"1\"><span style=\"font-weight: 400;\">Dati di utilizzo<\/span><\/li>\n<\/ul>\n<p><strong>DATI DI UTILIZZO<\/strong><\/p>\n<p><span style=\"font-weight: 400;\">I Dati di utilizzo vengono raccolti automaticamente durante l\u2019utilizzo del Servizio.<\/span><\/p>\n<p><span style=\"font-weight: 400;\">I Dati di utilizzo possono includere informazioni come l\u2019indirizzo del protocollo Internet del tuo dispositivo (ad es. indirizzo IP), il tipo di browser, la versione del browser, le pagine del nostro Servizio che visiti, l\u2019ora e la data della tua visita, il tempo trascorso su tali pagine, dispositivo unico identificatori e altri dati diagnostici.<\/span><\/p>\n<p><span style=\"font-weight: 400;\">Quando accedi al Servizio da o tramite un dispositivo mobile, potremmo raccogliere alcune informazioni automaticamente, inclusi, a titolo esemplificativo, il tipo di dispositivo mobile che utilizzi, l\u2019ID univoco del tuo dispositivo mobile, l\u2019indirizzo IP del tuo dispositivo mobile, sistema operativo, il tipo di browser Internet mobile utilizzato, gli identificatori univoci del dispositivo e altri dati diagnostici.<\/span><\/p>\n<p><span style=\"font-weight: 400;\">Potremmo anche raccogliere informazioni che il tuo browser invia ogni volta che visiti il \u200b\u200bnostro Servizio o quando accedi al Servizio da o tramite un dispositivo mobile.<\/span><\/p>\n<p><strong>UTILIZZO DEI TUOI DATI PERSONALI<\/strong><\/p>\n<p><span style=\"font-weight: 400;\">La Societ\u00e0 pu\u00f2 utilizzare i Dati Personali per le seguenti finalit\u00e0:<\/span><\/p>\n<ul>\n<li style=\"font-weight: 400;\" aria-level=\"1\"><span style=\"font-weight: 400;\">Per fornire e mantenere il nostro Servizio , incluso per monitorare l\u2019utilizzo del nostro Servizio.<\/span><\/li>\n<li style=\"font-weight: 400;\" aria-level=\"1\"><span style=\"font-weight: 400;\">Per gestire il tuo Account: per gestire la tua registrazione come utente del Servizio. I Dati Personali che fornisci possono darti accesso a diverse funzionalit\u00e0 del Servizio che sono a tua disposizione come utente registrato.<\/span><\/li>\n<li style=\"font-weight: 400;\" aria-level=\"1\"><span style=\"font-weight: 400;\">Per l\u2019esecuzione di un contratto: lo sviluppo, la conformit\u00e0 e l\u2019esecuzione del contratto di acquisto per i prodotti, articoli o servizi che hai acquistato o di qualsiasi altro contratto con Noi attraverso il Servizio.<\/span><\/li>\n<li style=\"font-weight: 400;\" aria-level=\"1\"><span style=\"font-weight: 400;\">Per contattarti: Per contattarti tramite e-mail, telefonate, SMS o altre forme equivalenti di comunicazione elettronica, come le notifiche push di un\u2019applicazione mobile riguardanti aggiornamenti o comunicazioni informative relative alle funzionalit\u00e0, ai prodotti o ai servizi appaltati, inclusi gli aggiornamenti di sicurezza, quando necessario o ragionevole per la loro attuazione.<\/span><\/li>\n<li style=\"font-weight: 400;\" aria-level=\"1\"><span style=\"font-weight: 400;\">Per fornirti notizie, offerte speciali e informazioni generali su altri beni, servizi ed eventi che offriamo simili a quelli che hai gi\u00e0 acquistato o per i quali hai gi\u00e0 chiesto informazioni, a meno che tu non abbia scelto di non ricevere tali informazioni.<\/span><\/li>\n<li style=\"font-weight: 400;\" aria-level=\"1\"><span style=\"font-weight: 400;\">Per gestire le tue richieste: Per partecipare e gestire le tue richieste.<\/span><\/li>\n<li style=\"font-weight: 400;\" aria-level=\"1\"><span style=\"font-weight: 400;\">Per i trasferimenti di affari: potremmo utilizzare le tue informazioni per valutare o condurre una fusione, dismissione, ristrutturazione, riorganizzazione, scioglimento o altra vendita o trasferimento di alcuni o tutti i nostri beni, sia come azienda in attivit\u00e0 che come parte di fallimento, liquidazione, o un procedimento simile, in cui i Dati Personali da noi detenuti sugli utenti del nostro Servizio sono tra i beni trasferiti.<\/span><\/li>\n<li style=\"font-weight: 400;\" aria-level=\"1\"><span style=\"font-weight: 400;\">Per altri scopi: potremmo utilizzare le tue informazioni per altri scopi, come l\u2019analisi dei dati, l\u2019identificazione delle tendenze di utilizzo, la determinazione dell\u2019efficacia delle nostre campagne promozionali e per valutare e migliorare il nostro Servizio, prodotti, servizi, marketing e la tua esperienza.<\/span><\/li>\n<\/ul>\n<p><span style=\"font-weight: 400;\">Potremmo condividere le tue informazioni personali nelle seguenti situazioni:<\/span><\/p>\n<ul>\n<li style=\"font-weight: 400;\" aria-level=\"1\"><span style=\"font-weight: 400;\">Con i fornitori di servizi: potremmo condividere le tue informazioni personali con i fornitori di servizi per monitorare e analizzare l\u2019uso del nostro servizio, per contattarti.<\/span><\/li>\n<li style=\"font-weight: 400;\" aria-level=\"1\"><span style=\"font-weight: 400;\">Per i trasferimenti di affari: potremmo condividere o trasferire le tue informazioni personali in connessione o durante le negoziazioni di qualsiasi fusione, vendita di beni della Societ\u00e0, finanziamento o acquisizione di tutta o parte della nostra attivit\u00e0 a un\u2019altra societ\u00e0.<\/span><\/li>\n<li style=\"font-weight: 400;\" aria-level=\"1\"><span style=\"font-weight: 400;\">Con gli affiliati: potremmo condividere le tue informazioni con i nostri affiliati, nel qual caso richiederemo a tali affiliati di rispettare la presente Informativa sulla privacy. Gli affiliati includono la nostra societ\u00e0 madre e qualsiasi altra sussidiaria, partner di joint venture o altre societ\u00e0 che controlliamo o che sono sotto il controllo comune con noi.<\/span><\/li>\n<li style=\"font-weight: 400;\" aria-level=\"1\"><span style=\"font-weight: 400;\">Con i partner commerciali: potremmo condividere le tue informazioni con i nostri partner commerciali per offrirti determinati prodotti, servizi o promozioni.<\/span><\/li>\n<li style=\"font-weight: 400;\" aria-level=\"1\"><span style=\"font-weight: 400;\">Con altri utenti: quando condividi informazioni personali o interagisci in altro modo nelle aree pubbliche con altri utenti, tali informazioni possono essere visualizzate da tutti gli utenti e possono essere distribuite pubblicamente all\u2019esterno.<\/span><\/li>\n<li style=\"font-weight: 400;\" aria-level=\"1\"><span style=\"font-weight: 400;\">Con il tuo consenso : potremmo divulgare le tue informazioni personali per qualsiasi altro scopo con il tuo consenso.<\/span><\/li>\n<\/ul>\n<p><strong>CONSERVAZIONE DEI TUOI DATI PERSONALI<\/strong><\/p>\n<p><span style=\"font-weight: 400;\">La Societ\u00e0 conserver\u00e0 i tuoi Dati Personali solo per il tempo necessario agli scopi indicati nella presente Informativa sulla privacy. Conserveremo e utilizzeremo i tuoi dati personali nella misura necessaria per adempiere ai nostri obblighi legali (ad esempio, se siamo tenuti a conservare i tuoi dati per rispettare le leggi applicabili), risolvere controversie e far rispettare i nostri accordi legali e le nostre politiche.<\/span><\/p>\n<p><span style=\"font-weight: 400;\">La Societ\u00e0 conserver\u00e0 anche i Dati di utilizzo per scopi di analisi interna. I Dati di utilizzo vengono generalmente conservati per un periodo di tempo pi\u00f9 breve, tranne quando questi dati vengono utilizzati per rafforzare la sicurezza o per migliorare la funzionalit\u00e0 del Nostro Servizio, o quando siamo legalmente obbligati a conservare questi dati per periodi di tempo pi\u00f9 lunghi.<\/span><\/p>\n<h2><\/h2>\n<p><strong>TRASFERIMENTO DEI TUOI DATI PERSONALE<\/strong><\/p>\n<p><span style=\"font-weight: 400;\">I tuoi dati, inclusi i Dati Personali, sono trattati presso le sedi operative della Societ\u00e0 e in ogni altro luogo in cui si trovano le parti coinvolte nel trattamento. Significa che queste informazioni possono essere trasferite e mantenute su computer situati al di fuori del tuo stato, provincia, paese o altra giurisdizione governativa in cui le leggi sulla protezione dei dati potrebbero differire da quelle della tua giurisdizione.<\/span><\/p>\n<p><span style=\"font-weight: 400;\">Il tuo consenso alla presente Informativa sulla privacy seguito dall\u2019invio di tali informazioni rappresenta il tuo consenso a tale trasferimento.<\/span><\/p>\n<p><strong>DIVULGAZIONE DEI TUOI DATI PERSONALI<\/strong><\/p>\n<p><span style=\"font-weight: 400;\">Se la Societ\u00e0 \u00e8 coinvolta in una fusione, acquisizione o vendita di asset, i tuoi Dati Personali potrebbero essere trasferiti. Forniremo un avviso prima che i tuoi dati personali vengano trasferiti e diventino soggetti a una diversa Informativa sulla privacy.<\/span><\/p>\n<h3><span style=\"font-weight: 400;\">LAW ENFORCEMENT<\/span><\/h3>\n<p><span style=\"font-weight: 400;\">In determinate circostanze, la Societ\u00e0 potrebbe essere obbligata a divulgare i tuoi Dati Personali se richiesto dalla legge o in risposta a richieste valide da parte di autorit\u00e0 pubbliche (ad esempio un tribunale o un ente governativo).<\/span><\/p>\n<h3><span style=\"font-weight: 400;\">Altri requisiti legali<\/span><\/h3>\n<p><span style=\"font-weight: 400;\">La Societ\u00e0 pu\u00f2 divulgare i tuoi Dati Personali in buona fede, ritenendo che tale azione sia necessaria per:<\/span><\/p>\n<ul>\n<li style=\"font-weight: 400;\" aria-level=\"1\"><span style=\"font-weight: 400;\">Rispettare un obbligo legale<\/span><\/li>\n<li style=\"font-weight: 400;\" aria-level=\"1\"><span style=\"font-weight: 400;\">Proteggere e difendere i diritti o la propriet\u00e0 della Societ\u00e0<\/span><\/li>\n<li style=\"font-weight: 400;\" aria-level=\"1\"><span style=\"font-weight: 400;\">Prevenire o indagare su possibili illeciti in relazione al Servizio<\/span><\/li>\n<li style=\"font-weight: 400;\" aria-level=\"1\"><span style=\"font-weight: 400;\">Proteggere l\u2019incolumit\u00e0 personale degli Utenti del Servizio o del pubblico<\/span><\/li>\n<li style=\"font-weight: 400;\" aria-level=\"1\"><span style=\"font-weight: 400;\">Proteggere dalla responsabilit\u00e0 legale<\/span><\/li>\n<\/ul>\n<p><strong>SICUREZZA DEI TUOI DATI PERSONALI<\/strong><\/p>\n<p><span style=\"font-weight: 400;\">La sicurezza dei tuoi dati personali \u00e8 importante per noi, ma ricorda che nessun metodo di trasmissione su Internet o metodo di archiviazione elettronica \u00e8 sicuro al 100%. Sebbene ci sforziamo di utilizzare mezzi commercialmente accettabili per proteggere i tuoi dati personali, non possiamo garantirne la sicurezza assoluta.<\/span><\/p>\n<p><strong>PRIVACY DEI BAMBINI<\/strong><\/p>\n<p><span style=\"font-weight: 400;\">Il nostro servizio non si rivolge a persone di et\u00e0 inferiore ai 13 anni. Non raccogliamo consapevolmente informazioni di identificazione personale da persone di et\u00e0 inferiore ai 13 anni. Se sei un genitore o tutore e sei consapevole che tuo figlio ci ha fornito dati personali, ti preghiamo di Contattaci. Se veniamo a conoscenza del fatto che abbiamo raccolto Dati personali da persone di et\u00e0 inferiore ai 13 anni senza la verifica del consenso dei genitori, adottiamo misure per rimuovere tali informazioni dai Nostri server.<\/span><\/p>\n<p><span style=\"font-weight: 400;\">Se dobbiamo fare affidamento sul consenso come base legale per l\u2019elaborazione delle tue informazioni e il tuo paese richiede il consenso di un genitore, potremmo richiedere il consenso dei tuoi genitori prima di raccogliere e utilizzare tali informazioni.<\/span><\/p>\n<p><strong>COLLEGAMENTI AD ALTRI SITI WEB<\/strong><\/p>\n<p><span style=\"font-weight: 400;\">Il nostro servizio pu\u00f2 contenere collegamenti ad altri siti Web che non sono gestiti da noi. Se fai clic su un collegamento di terze parti, verrai indirizzato al sito di tali terze parti. Ti consigliamo vivamente di rivedere l\u2019Informativa sulla privacy di ogni sito che visiti.<\/span><\/p>\n<p><span style=\"font-weight: 400;\">Non abbiamo alcun controllo e non ci assumiamo alcuna responsabilit\u00e0 per il contenuto, le politiche sulla privacy o le pratiche di siti o servizi di terze parti.<\/span><\/p>\n<p><strong>MODIFICHE ALLA PRESENTE INFORMATIVA SULLA PRIVACY<\/strong><\/p>\n<p><span style=\"font-weight: 400;\">Potremmo aggiornare la nostra Informativa sulla privacy di volta in volta. Ti informeremo di eventuali modifiche pubblicando la nuova Privacy Policy in questa pagina.<\/span><\/p>\n<p><span style=\"font-weight: 400;\">Ti informeremo via e-mail e\/o un avviso in evidenza sul Nostro Servizio, prima che la modifica diventi effettiva e aggiorneremo la data \u201cUltimo aggiornamento\u201d nella parte superiore della presente Informativa sulla privacy.<\/span><\/p>\n<p><span style=\"font-weight: 400;\">Si consiglia di rivedere periodicamente la presente Informativa sulla privacy per eventuali modifiche. Le modifiche alla presente Informativa sulla privacy sono efficaci quando vengono pubblicate su questa pagina.<\/span><\/p>\n<p><strong>CONTATTACI<\/strong><\/p>\n<p><span style=\"font-weight: 400;\">In caso di domande sulla presente Informativa sulla privacy, puoi contattarci:<\/span><\/p>\n<p><span style=\"font-weight: 400;\">E-mail: <\/span><a href=\"mailto:progettosardosole.ac2s@gmail.com\"><span style=\"font-weight: 400;\">progettosardosole.ac2s@gmail.com<\/span><\/a><\/p>\n<p><span style=\"font-weight: 400;\">Sito Web: <\/span><a href=\"https:\/\/www.progettoac2s.it\"><span style=\"font-weight: 400;\">https:\/\/www.progettoac2s.it<\/span><span style=\"font-weight: 400;\"><br \/><\/span><\/a><span style=\"font-weight: 400;\">Privacy &amp; Cookie: <\/span><a href=\"https:\/\/www.progettoac2s.it\/privacy-policy\/\"><span style=\"font-weight: 400;\">https:\/\/www.progettoac2s.it\/privacy-policy\/<\/span><\/a><span style=\"font-weight: 400;\">\u00a0<\/span><\/p>\n<p>[\/et_pb_text][\/et_pb_column][\/et_pb_row][\/et_pb_section]<\/p>\n","protected":false},"excerpt":{"rendered":"<p>Privacy &amp; Policy &#8211; AC2S APP -APP AC2S &#8211; AGRICOLTURA SOTTO IL SOLE IN SARDEGNA\u00a0 TIPI DI DATI RACCOLTI Durante l\u2019utilizzo del nostro servizio, potremmo chiederti di fornirci alcune informazioni di identificazione personale che possono essere utilizzate per contattarti o identificarti. Le informazioni di identificazione personale possono includere, ma non sono limitate, a: Indirizzo e-mail [&hellip;]<\/p>\n","protected":false},"author":2,"featured_media":0,"parent":0,"menu_order":0,"comment_status":"closed","ping_status":"closed","template":"page-template-blank.php","meta":{"_et_pb_use_builder":"on","_et_pb_old_content":"","_et_gb_content_width":"","_monsterinsights_skip_tracking":false,"_monsterinsights_sitenote_active":false,"_monsterinsights_sitenote_note":"","_monsterinsights_sitenote_category":0,"_joinchat":[],"footnotes":""},"class_list":["post-5773","page","type-page","status-publish","hentry"],"yoast_head":"<!-- This site is optimized with the Yoast SEO plugin v25.2 - https:\/\/yoast.com\/wordpress\/plugins\/seo\/ -->\n<title>Privacy &amp; Policy - AC2S App - Lifely<\/title>\n<meta name=\"robots\" content=\"index, follow, max-snippet:-1, max-image-preview:large, max-video-preview:-1\" \/>\n<link rel=\"canonical\" href=\"https:\/\/www.lifely.cc\/it\/privacy-policy-ac2s-app\/\" \/>\n<meta property=\"og:locale\" content=\"it_IT\" \/>\n<meta property=\"og:type\" content=\"article\" \/>\n<meta property=\"og:title\" content=\"Privacy &amp; Policy - AC2S App - Lifely\" \/>\n<meta property=\"og:description\" content=\"Privacy &amp; Policy - AC2S APP -APP AC2S - AGRICOLTURA SOTTO IL SOLE IN SARDEGNA\u00a0 TIPI DI DATI RACCOLTI Durante l\u2019utilizzo del nostro servizio, potremmo chiederti di fornirci alcune informazioni di identificazione personale che possono essere utilizzate per contattarti o identificarti. Le informazioni di identificazione personale possono includere, ma non sono limitate, a: Indirizzo e-mail [&hellip;]\" \/>\n<meta property=\"og:url\" content=\"https:\/\/www.lifely.cc\/it\/privacy-policy-ac2s-app\/\" \/>\n<meta property=\"og:site_name\" content=\"Lifely\" \/>\n<meta property=\"article:publisher\" content=\"https:\/\/www.facebook.com\/lifelystartup\" \/>\n<meta property=\"article:modified_time\" content=\"2024-12-12T13:42:53+00:00\" \/>\n<meta name=\"twitter:card\" content=\"summary_large_image\" \/>\n<meta name=\"twitter:site\" content=\"@LifelyStartup\" \/>\n<meta name=\"twitter:label1\" content=\"Tempo di lettura stimato\" \/>\n\t<meta name=\"twitter:data1\" content=\"7 minuti\" \/>\n<script type=\"application\/ld+json\" class=\"yoast-schema-graph\">{\"@context\":\"https:\/\/schema.org\",\"@graph\":[{\"@type\":\"WebPage\",\"@id\":\"https:\/\/www.lifely.cc\/it\/privacy-policy-ac2s-app\/\",\"url\":\"https:\/\/www.lifely.cc\/it\/privacy-policy-ac2s-app\/\",\"name\":\"Privacy &amp; Policy - AC2S App - Lifely\",\"isPartOf\":{\"@id\":\"https:\/\/www.lifely.cc\/#website\"},\"datePublished\":\"2024-12-12T13:41:12+00:00\",\"dateModified\":\"2024-12-12T13:42:53+00:00\",\"breadcrumb\":{\"@id\":\"https:\/\/www.lifely.cc\/it\/privacy-policy-ac2s-app\/#breadcrumb\"},\"inLanguage\":\"it-IT\",\"potentialAction\":[{\"@type\":\"ReadAction\",\"target\":[\"https:\/\/www.lifely.cc\/it\/privacy-policy-ac2s-app\/\"]}]},{\"@type\":\"BreadcrumbList\",\"@id\":\"https:\/\/www.lifely.cc\/it\/privacy-policy-ac2s-app\/#breadcrumb\",\"itemListElement\":[{\"@type\":\"ListItem\",\"position\":1,\"name\":\"Home\",\"item\":\"https:\/\/www.lifely.cc\/it\/\"},{\"@type\":\"ListItem\",\"position\":2,\"name\":\"Privacy &amp; Policy &#8211; AC2S App\"}]},{\"@type\":\"WebSite\",\"@id\":\"https:\/\/www.lifely.cc\/#website\",\"url\":\"https:\/\/www.lifely.cc\/\",\"name\":\"Lifely\",\"description\":\"Social Internet of Things\",\"publisher\":{\"@id\":\"https:\/\/www.lifely.cc\/#organization\"},\"potentialAction\":[{\"@type\":\"SearchAction\",\"target\":{\"@type\":\"EntryPoint\",\"urlTemplate\":\"https:\/\/www.lifely.cc\/?s={search_term_string}\"},\"query-input\":{\"@type\":\"PropertyValueSpecification\",\"valueRequired\":true,\"valueName\":\"search_term_string\"}}],\"inLanguage\":\"it-IT\"},{\"@type\":\"Organization\",\"@id\":\"https:\/\/www.lifely.cc\/#organization\",\"name\":\"Lifely\",\"url\":\"https:\/\/www.lifely.cc\/\",\"logo\":{\"@type\":\"ImageObject\",\"inLanguage\":\"it-IT\",\"@id\":\"https:\/\/www.lifely.cc\/#\/schema\/logo\/image\/\",\"url\":\"https:\/\/www.lifely.cc\/wp-content\/uploads\/2017\/10\/LifelyLogoHeader.png\",\"contentUrl\":\"https:\/\/www.lifely.cc\/wp-content\/uploads\/2017\/10\/LifelyLogoHeader.png\",\"width\":220,\"height\":120,\"caption\":\"Lifely\"},\"image\":{\"@id\":\"https:\/\/www.lifely.cc\/#\/schema\/logo\/image\/\"},\"sameAs\":[\"https:\/\/www.facebook.com\/lifelystartup\",\"https:\/\/x.com\/LifelyStartup\",\"https:\/\/www.instagram.com\/lifelystartup\/\",\"https:\/\/www.linkedin.com\/company\/lifely-talking-objects\/\",\"https:\/\/www.pinterest.com\/lifelyofficial\/\",\"https:\/\/www.youtube.com\/lifelycc\"]}]}<\/script>\n<!-- \/ Yoast SEO plugin. -->","yoast_head_json":{"title":"Privacy &amp; Policy - AC2S App - Lifely","robots":{"index":"index","follow":"follow","max-snippet":"max-snippet:-1","max-image-preview":"max-image-preview:large","max-video-preview":"max-video-preview:-1"},"canonical":"https:\/\/www.lifely.cc\/it\/privacy-policy-ac2s-app\/","og_locale":"it_IT","og_type":"article","og_title":"Privacy &amp; Policy - AC2S App - Lifely","og_description":"Privacy &amp; Policy - AC2S APP -APP AC2S - AGRICOLTURA SOTTO IL SOLE IN SARDEGNA\u00a0 TIPI DI DATI RACCOLTI Durante l\u2019utilizzo del nostro servizio, potremmo chiederti di fornirci alcune informazioni di identificazione personale che possono essere utilizzate per contattarti o identificarti. Le informazioni di identificazione personale possono includere, ma non sono limitate, a: Indirizzo e-mail [&hellip;]","og_url":"https:\/\/www.lifely.cc\/it\/privacy-policy-ac2s-app\/","og_site_name":"Lifely","article_publisher":"https:\/\/www.facebook.com\/lifelystartup","article_modified_time":"2024-12-12T13:42:53+00:00","twitter_card":"summary_large_image","twitter_site":"@LifelyStartup","twitter_misc":{"Tempo di lettura stimato":"7 minuti"},"schema":{"@context":"https:\/\/schema.org","@graph":[{"@type":"WebPage","@id":"https:\/\/www.lifely.cc\/it\/privacy-policy-ac2s-app\/","url":"https:\/\/www.lifely.cc\/it\/privacy-policy-ac2s-app\/","name":"Privacy &amp; Policy - AC2S App - Lifely","isPartOf":{"@id":"https:\/\/www.lifely.cc\/#website"},"datePublished":"2024-12-12T13:41:12+00:00","dateModified":"2024-12-12T13:42:53+00:00","breadcrumb":{"@id":"https:\/\/www.lifely.cc\/it\/privacy-policy-ac2s-app\/#breadcrumb"},"inLanguage":"it-IT","potentialAction":[{"@type":"ReadAction","target":["https:\/\/www.lifely.cc\/it\/privacy-policy-ac2s-app\/"]}]},{"@type":"BreadcrumbList","@id":"https:\/\/www.lifely.cc\/it\/privacy-policy-ac2s-app\/#breadcrumb","itemListElement":[{"@type":"ListItem","position":1,"name":"Home","item":"https:\/\/www.lifely.cc\/it\/"},{"@type":"ListItem","position":2,"name":"Privacy &amp; Policy &#8211; AC2S App"}]},{"@type":"WebSite","@id":"https:\/\/www.lifely.cc\/#website","url":"https:\/\/www.lifely.cc\/","name":"Lifely","description":"Social Internet of Things","publisher":{"@id":"https:\/\/www.lifely.cc\/#organization"},"potentialAction":[{"@type":"SearchAction","target":{"@type":"EntryPoint","urlTemplate":"https:\/\/www.lifely.cc\/?s={search_term_string}"},"query-input":{"@type":"PropertyValueSpecification","valueRequired":true,"valueName":"search_term_string"}}],"inLanguage":"it-IT"},{"@type":"Organization","@id":"https:\/\/www.lifely.cc\/#organization","name":"Lifely","url":"https:\/\/www.lifely.cc\/","logo":{"@type":"ImageObject","inLanguage":"it-IT","@id":"https:\/\/www.lifely.cc\/#\/schema\/logo\/image\/","url":"https:\/\/www.lifely.cc\/wp-content\/uploads\/2017\/10\/LifelyLogoHeader.png","contentUrl":"https:\/\/www.lifely.cc\/wp-content\/uploads\/2017\/10\/LifelyLogoHeader.png","width":220,"height":120,"caption":"Lifely"},"image":{"@id":"https:\/\/www.lifely.cc\/#\/schema\/logo\/image\/"},"sameAs":["https:\/\/www.facebook.com\/lifelystartup","https:\/\/x.com\/LifelyStartup","https:\/\/www.instagram.com\/lifelystartup\/","https:\/\/www.linkedin.com\/company\/lifely-talking-objects\/","https:\/\/www.pinterest.com\/lifelyofficial\/","https:\/\/www.youtube.com\/lifelycc"]}]}},"_links":{"self":[{"href":"https:\/\/www.lifely.cc\/it\/wp-json\/wp\/v2\/pages\/5773"}],"collection":[{"href":"https:\/\/www.lifely.cc\/it\/wp-json\/wp\/v2\/pages"}],"about":[{"href":"https:\/\/www.lifely.cc\/it\/wp-json\/wp\/v2\/types\/page"}],"author":[{"embeddable":true,"href":"https:\/\/www.lifely.cc\/it\/wp-json\/wp\/v2\/users\/2"}],"replies":[{"embeddable":true,"href":"https:\/\/www.lifely.cc\/it\/wp-json\/wp\/v2\/comments?post=5773"}],"version-history":[{"count":7,"href":"https:\/\/www.lifely.cc\/it\/wp-json\/wp\/v2\/pages\/5773\/revisions"}],"predecessor-version":[{"id":5782,"href":"https:\/\/www.lifely.cc\/it\/wp-json\/wp\/v2\/pages\/5773\/revisions\/5782"}],"wp:attachment":[{"href":"https:\/\/www.lifely.cc\/it\/wp-json\/wp\/v2\/media?parent=5773"}],"curies":[{"name":"wp","href":"https:\/\/api.w.org\/{rel}","templated":true}]}}